{"id":8684,"date":"2018-06-15T16:19:19","date_gmt":"2018-06-15T14:19:19","guid":{"rendered":"https:\/\/ago-construcciones.com\/?page_id=8684"},"modified":"2018-06-26T15:27:28","modified_gmt":"2018-06-26T13:27:28","slug":"ago-construcciones","status":"publish","type":"page","link":"https:\/\/ago-construcciones.com\/ca\/ago-construcciones\/","title":{"rendered":"AGO Construcciones"},"content":{"rendered":"<p>[vc_row row_type=&#8221;parallax&#8221; full_screen_section_height=&#8221;no&#8221; css=&#8221;.vc_custom_1521286440574{padding-top: 75px !important;padding-bottom: 200px !important;background-position: center !important;background-repeat: no-repeat !important;background-size: cover !important;}&#8221; parallax_background_image=&#8221;8237&#8243;][vc_column][vc_row_inner row_content_width=&#8221;grid&#8221;][vc_column_inner width=&#8221;2\/3&#8243; css=&#8221;.vc_custom_1518014786039{padding-right: 11% !important;}&#8221;][vc_column_text]<\/p>\n<h3><span style=\"color: #ffffff;\">AGO Una empresa en constant creixement<\/span><\/h3>\n<p>[\/vc_column_text][vc_empty_space height=&#8221;11px&#8221;][vc_column_text]<\/p>\n<p style=\"color: #ffffff;\">AGO \u00e9s una empresa constructora enfocada a la <strong class=\"naranja\" style=\"font-weight: 900;\">Gesti\u00f3 Integral d\u2019Obres i Projectes<\/strong>, i orientada a la satisfacci\u00f3 global de les necessitats dels nostres clients, oferint l\u2019assessorament i les solucions m\u00e9s adequades a totes i cadascuna de les fases del projecte, des de la seva concepci\u00f3 i disseny fins a la <strong>gesti\u00f3 i execuci\u00f3 integral de l\u2019obra<\/strong>, oferint els avantatges de <strong style=\"font-weight: 900;\">tractar \u00edntegrament el seu projecte amb un \u00fanic interlocutor<\/strong>.<\/p>\n<p style=\"color: #ffffff;\">Des de l\u2019origen de l\u2019empresa, la nostra vocaci\u00f3 de servei i comprom\u00eds amb la qualitat han estat els pilars sobre els que a AGO hem constru\u00eft la relaci\u00f3 amb els nostres clients, i amb aquests valors ens hem fet creditors del seu reconeixement.<\/p>\n<p style=\"color: #ffffff;\">AGO est\u00e0 format per un equip hum\u00e0 de 25 professionals, entre els que comptem amb Arquitectes Superiors, Arquitectes T\u00e8cnics, Arquitectes d\u2019Interiors i interioristes; a m\u00e9s, comptem amb <strong>experts professionals<\/strong>: electricistes instal\u00b7ladors, especialistes en xarxes inform\u00e0tiques, especialistes en climatitzaci\u00f3, paletes, pintors, especialistes en envans secs i falsos sostres.<\/p>\n<p>[\/vc_column_text][vc_empty_space height=&#8221;20px&#8221;][\/vc_column_inner][vc_column_inner width=&#8221;1\/3&#8243;][vc_column_text]<\/p>\n<h3><span style=\"color: #ffffff;\">Principals divisions<\/span><\/h3>\n<p>[\/vc_column_text][vc_empty_space height=&#8221;17px&#8221;]<div class=\"eltdf-progress-bar\">\n    <h6 class=\"eltdf-pb-title-holder clearfix\">\n    <span class=\"eltdf-pb-title\" style=\"color: #ffffff\">Oficines<\/span>\n    <span class=\"eltdf-pb-percent\" style=\"color: #ffffff\">0<\/span>\n<\/h6>\n<div class=\"eltdf-pb-content-holder\" style=\"background-color: rgba(134,134,134,0.3)\">\n    <div data-percentage=42 class=\"eltdf-pb-content\" ><\/div>\n<\/div>\n<\/div>[vc_empty_space height=&#8221;26px&#8221;]<div class=\"eltdf-progress-bar\">\n    <h6 class=\"eltdf-pb-title-holder clearfix\">\n    <span class=\"eltdf-pb-title\" style=\"color: #ffffff\">\u00d2ptiques<\/span>\n    <span class=\"eltdf-pb-percent\" style=\"color: #ffffff\">0<\/span>\n<\/h6>\n<div class=\"eltdf-pb-content-holder\" style=\"background-color: rgba(134,134,134,0.3)\">\n    <div data-percentage=31 class=\"eltdf-pb-content\" ><\/div>\n<\/div>\n<\/div>[vc_empty_space height=&#8221;26px&#8221;]<div class=\"eltdf-progress-bar\">\n    <h6 class=\"eltdf-pb-title-holder clearfix\">\n    <span class=\"eltdf-pb-title\" style=\"color: #ffffff\">Industrial<\/span>\n    <span class=\"eltdf-pb-percent\" style=\"color: #ffffff\">0<\/span>\n<\/h6>\n<div class=\"eltdf-pb-content-holder\" style=\"background-color: rgba(134,134,134,0.3)\">\n    <div data-percentage=18 class=\"eltdf-pb-content\" ><\/div>\n<\/div>\n<\/div>[vc_empty_space height=&#8221;26px&#8221;]<div class=\"eltdf-progress-bar\">\n    <h6 class=\"eltdf-pb-title-holder clearfix\">\n    <span class=\"eltdf-pb-title\" style=\"color: #ffffff\">Retail<\/span>\n    <span class=\"eltdf-pb-percent\" style=\"color: #ffffff\">0<\/span>\n<\/h6>\n<div class=\"eltdf-pb-content-holder\" style=\"background-color: rgba(134,134,134,0.3)\">\n    <div data-percentage=9 class=\"eltdf-pb-content\" ><\/div>\n<\/div>\n<\/div>[\/vc_column_inner][\/vc_row_inner][\/vc_column][\/vc_row][vc_row css=&#8221;.vc_custom_1487087026261{background-color: #f7f5f5 !important;}&#8221;][vc_column css=&#8221;.vc_custom_1518166437396{margin-top: -200px !important;}&#8221;][vc_row_inner row_content_width=&#8221;grid&#8221; css=&#8221;.vc_custom_1518166685041{border-top-width: 2px !important;border-bottom-width: 2px !important;padding-top: 15px !important;padding-bottom: 50px !important;background-color: #ffffff !important;border-top-color: #f29400 !important;border-top-style: solid !important;border-bottom-color: #f29400 !important;border-bottom-style: solid !important;}&#8221;][vc_column_inner offset=&#8221;vc_col-lg-offset-1 vc_col-lg-10&#8243; css=&#8221;.vc_custom_1518166636877{border-radius: 1px !important;}&#8221;][vc_column_text]<\/p>\n<h3>Hist\u00f2ria i Experi\u00e8ncia<\/h3>\n<p>[\/vc_column_text][vc_empty_space height=&#8221;6px&#8221;][vc_column_text]Fundada al 1990, AGO neix de la inquietud emprenedora i de la profunda experi\u00e8ncia professional del Sr. Francisco Jos\u00e9 Ezquerro Bassmann, amb la vocaci\u00f3 de ser una <strong>empresa constructora de servei global<\/strong> als sectors empresarial, industrial i comercial.<\/p>\n<p>Al febrer de 2009, <strong style=\"color: #f29400;\">AGO adquireix la divisi\u00f3 d\u2019interiorisme de la firma d\u2019\u00f2ptica Indo<\/strong>, el que suposa per a l\u2019empresa refor\u00e7ar el departament de disseny i la capacitat d\u2019aprofundir en el mercat de la implantaci\u00f3, rehabilitaci\u00f3 i reforma d\u2019espais comercials en general, i m\u00e9s concretament als sectors \u00f2ptic \u2013 oftalmol\u00f2gic i farmac\u00e8utic, camps als que <em>AGO Interiorismo<\/em> t\u00e9 una gran penetraci\u00f3 i un bagatge professional proper als 20 anys.[\/vc_column_text][\/vc_column_inner][\/vc_row_inner][\/vc_column][\/vc_row][vc_row css=&#8221;.vc_custom_1485942722133{padding-top: 82px !important;padding-bottom: 94px !important;background-color: #f7f5f5 !important;background-position: center !important;background-repeat: no-repeat !important;background-size: cover !important;}&#8221;][vc_column][vc_row_inner row_content_width=&#8221;grid&#8221;][vc_column_inner width=&#8221;1\/3&#8243;][vc_empty_space height=&#8221;1px&#8221;][vc_column_text]<\/p>\n<h2 style=\"color: #808285;\">Garanties<br \/>\ni Certificacions<\/h2>\n<p>[\/vc_column_text][vc_empty_space height=&#8221;40px&#8221;][vc_single_image image=&#8221;8111&#8243; img_size=&#8221;150&#215;102&#8243;][\/vc_column_inner][vc_column_inner width=&#8221;2\/3&#8243; css=&#8221;.vc_custom_1518115288558{padding-right: 8% !important;}&#8221;][vc_column_text]<\/p>\n<h4>La nostra filosofia: Qualitat de Servei i Seguretat<\/h4>\n<p>La certificaci\u00f3 en Qualitat \u00e9s un element m\u00e9s a afegir a la confian\u00e7a i tranquil\u00b7litat dels nostres clients, confirmant que AGO compleix amb totes les acreditacions i homologacions requerides per les diferents Administracions P\u00fabliques a Espanya.<\/p>\n<p>La nostra <strong>qualificaci\u00f3 empresarial de construcci\u00f3<\/strong> ens capacita per a l\u2019execuci\u00f3 d\u2019<strong>Obra major i Obra menor<\/strong>, garantint per mitj\u00e0 de la Certificaci\u00f3 ISO 9001-2015, la fiabilitat al control dels nostres processos i procediments.<\/p>\n<p>La preocupaci\u00f3 per <strong>la qualitat del nostre treball, el servei als nostres clients i la seguretat del nostre personal<\/strong>, formen part essencial del nostre enfocament de superaci\u00f3 i millora constant. Aquesta vocaci\u00f3 als \u00e0mbits de qualitat i seguretat ens obliga a assegurar el rigor\u00f3s compliment de la normativa en mat\u00e8ria de Prevenci\u00f3 de Riscos Laborals.<\/p>\n<h4>Garanties a requerir a un contractista d\u2019obres:<\/h4>\n<ul class=\"listado\">\n<li>N\u00ba de REA: Registre d\u2019Empresa Acreditada<\/li>\n<li>Asseguran\u00e7a de Responsabilitat Civil<\/li>\n<li>Concert de Prevenci\u00f3 de Riscos Laborals<\/li>\n<li>Certificaci\u00f3 ISO<\/li>\n<\/ul>\n<p>[\/vc_column_text][\/vc_column_inner][\/vc_row_inner][\/vc_column][\/vc_row]<\/p>\n","protected":false},"excerpt":{"rendered":"<p>[vc_row row_type=&#8221;parallax&#8221; full_screen_section_height=&#8221;no&#8221; css=&#8221;.vc_custom_1521286440574{padding-top: 75px !important;padding-bottom: 200px !important;background-position: center !important;background-repeat: no-repeat !important;background-size: cover !important;}&#8221; parallax_background_image=&#8221;8237&#8243;][vc_column][vc_row_inner row_content_width=&#8221;grid&#8221;][vc_column_inner width=&#8221;2\/3&#8243; css=&#8221;.vc_custom_1518014786039{padding-right: 11% !important;}&#8221;][vc_column_text] AGO Una empresa en constant creixement [\/vc_column_text][vc_empty_space height=&#8221;11px&#8221;][vc_column_text] AGO \u00e9s una empresa constructora enfocada a la Gesti\u00f3 Integral d\u2019Obres i Projectes, i orientada a la [&hellip;]<\/p>\n","protected":false},"author":1,"featured_media":0,"parent":0,"menu_order":0,"comment_status":"closed","ping_status":"closed","template":"full-width.php","meta":[],"_links":{"self":[{"href":"https:\/\/ago-construcciones.com\/ca\/wp-json\/wp\/v2\/pages\/8684"}],"collection":[{"href":"https:\/\/ago-construcciones.com\/ca\/wp-json\/wp\/v2\/pages"}],"about":[{"href":"https:\/\/ago-construcciones.com\/ca\/wp-json\/wp\/v2\/types\/page"}],"author":[{"embeddable":true,"href":"https:\/\/ago-construcciones.com\/ca\/wp-json\/wp\/v2\/users\/1"}],"replies":[{"embeddable":true,"href":"https:\/\/ago-construcciones.com\/ca\/wp-json\/wp\/v2\/comments?post=8684"}],"version-history":[{"count":17,"href":"https:\/\/ago-construcciones.com\/ca\/wp-json\/wp\/v2\/pages\/8684\/revisions"}],"predecessor-version":[{"id":8840,"href":"https:\/\/ago-construcciones.com\/ca\/wp-json\/wp\/v2\/pages\/8684\/revisions\/8840"}],"wp:attachment":[{"href":"https:\/\/ago-construcciones.com\/ca\/wp-json\/wp\/v2\/media?parent=8684"}],"curies":[{"name":"wp","href":"https:\/\/api.w.org\/{rel}","templated":true}]}}