{"id":8703,"date":"2018-06-26T11:02:57","date_gmt":"2018-06-26T09:02:57","guid":{"rendered":"https:\/\/ago-construcciones.com\/serveis-tecnics-tramits-legals\/"},"modified":"2018-06-26T11:03:48","modified_gmt":"2018-06-26T09:03:48","slug":"serveis-tecnics-tramits-legals","status":"publish","type":"page","link":"https:\/\/ago-construcciones.com\/ca\/serveis-tecnics-tramits-legals\/","title":{"rendered":"Serveis t\u00e8cnics \u2013 Tr\u00e0mits legals"},"content":{"rendered":"<p>[vc_row css=&#8221;.vc_custom_1519600382328{margin-bottom: 43px !important;}&#8221;][vc_column][vc_column_text]<\/p>\n<h3 class=\"naranja\" style=\"text-align: center;\">Gesti\u00f3 i tramitaci\u00f3 de la documentaci\u00f3 per a la legalitzaci\u00f3 dels projectes que realitzem.<\/h3>\n<p>[\/vc_column_text][\/vc_column][\/vc_row][vc_row css=&#8221;.vc_custom_1521468598032{margin-bottom: 120px !important;}&#8221;][vc_column width=&#8221;1\/2&#8243;][vc_single_image image=&#8221;8295&#8243; img_size=&#8221;full&#8221; css=&#8221;.vc_custom_1522335854182{margin-top: 10px !important;}&#8221;][\/vc_column][vc_column width=&#8221;1\/2&#8243;][vc_column_text]La realitzaci\u00f3 d\u2019una obra nova o de rehabilitaci\u00f3 requereix de l\u2019elaboraci\u00f3 d\u2019un projecte t\u00e8cnic, aix\u00ed com d\u2019uns tr\u00e0mits legals davant dels organismes competents per a obtenir els permisos, llic\u00e8ncies i legalitzacions, segons sigui el cas i la normativa a contemplar.<\/p>\n<p>Aix\u00f2 suposa un proc\u00e9s de gesti\u00f3 de documentaci\u00f3 amb l\u2019administraci\u00f3 i diferents organismes, que requereix d\u2019un profund coneixement de les diferents normatives, aix\u00ed com d\u2019un temps per a la realitzaci\u00f3 i seguiment dels tr\u00e0mits, fins a l\u2019obtenci\u00f3 definitiva del perm\u00eds o llic\u00e8ncia.<\/p>\n<p>En aquest sentit, <strong>AGO posa a disposici\u00f3 dels seus clients el servei de gesti\u00f3 i tramitaci\u00f3 de llic\u00e8ncies i legalitzacions, en tots els seus projectes a nivell nacional<\/strong>.[\/vc_column_text][\/vc_column][\/vc_row]<\/p>\n","protected":false},"excerpt":{"rendered":"<p>[vc_row css=&#8221;.vc_custom_1519600382328{margin-bottom: 43px !important;}&#8221;][vc_column][vc_column_text] Gesti\u00f3 i tramitaci\u00f3 de la documentaci\u00f3 per a la legalitzaci\u00f3 dels projectes que realitzem. [\/vc_column_text][\/vc_column][\/vc_row][vc_row css=&#8221;.vc_custom_1521468598032{margin-bottom: 120px !important;}&#8221;][vc_column width=&#8221;1\/2&#8243;][vc_single_image image=&#8221;8295&#8243; img_size=&#8221;full&#8221; css=&#8221;.vc_custom_1522335854182{margin-top: 10px !important;}&#8221;][\/vc_column][vc_column width=&#8221;1\/2&#8243;][vc_column_text]La realitzaci\u00f3 d\u2019una obra nova o de rehabilitaci\u00f3 requereix de l\u2019elaboraci\u00f3 d\u2019un projecte t\u00e8cnic, aix\u00ed com d\u2019uns [&hellip;]<\/p>\n","protected":false},"author":1,"featured_media":0,"parent":0,"menu_order":0,"comment_status":"closed","ping_status":"closed","template":"","meta":[],"_links":{"self":[{"href":"https:\/\/ago-construcciones.com\/ca\/wp-json\/wp\/v2\/pages\/8703"}],"collection":[{"href":"https:\/\/ago-construcciones.com\/ca\/wp-json\/wp\/v2\/pages"}],"about":[{"href":"https:\/\/ago-construcciones.com\/ca\/wp-json\/wp\/v2\/types\/page"}],"author":[{"embeddable":true,"href":"https:\/\/ago-construcciones.com\/ca\/wp-json\/wp\/v2\/users\/1"}],"replies":[{"embeddable":true,"href":"https:\/\/ago-construcciones.com\/ca\/wp-json\/wp\/v2\/comments?post=8703"}],"version-history":[{"count":4,"href":"https:\/\/ago-construcciones.com\/ca\/wp-json\/wp\/v2\/pages\/8703\/revisions"}],"predecessor-version":[{"id":8707,"href":"https:\/\/ago-construcciones.com\/ca\/wp-json\/wp\/v2\/pages\/8703\/revisions\/8707"}],"wp:attachment":[{"href":"https:\/\/ago-construcciones.com\/ca\/wp-json\/wp\/v2\/media?parent=8703"}],"curies":[{"name":"wp","href":"https:\/\/api.w.org\/{rel}","templated":true}]}}