{"id":8713,"date":"2018-06-26T11:20:39","date_gmt":"2018-06-26T09:20:39","guid":{"rendered":"https:\/\/ago-construcciones.com\/retail\/"},"modified":"2018-06-26T12:04:02","modified_gmt":"2018-06-26T10:04:02","slug":"retail","status":"publish","type":"page","link":"https:\/\/ago-construcciones.com\/ca\/retail\/","title":{"rendered":"Retail"},"content":{"rendered":"<p>[vc_row css=&#8221;.vc_custom_1521468760882{margin-bottom: 120px !important;}&#8221;][vc_column width=&#8221;1\/2&#8243;][vc_single_image image=&#8221;8443&#8243; img_size=&#8221;full&#8221; css=&#8221;.vc_custom_1523896453622{margin-top: 18px !important;}&#8221;][\/vc_column][vc_column width=&#8221;1\/2&#8243;][vc_column_text]La nostra cobertura a nivell nacional sumada a l\u2019experi\u00e8ncia del nostre departament de disseny i projectes, ens permeten oferir el recolzament m\u00e9s eficient pels seus plans d\u2019expansi\u00f3, ja sigui per a nova implantaci\u00f3 o rehabilitaci\u00f3 i <span style=\"color: #f29400;\"><strong>reformes de locals comercials de tot tipus i mida<\/strong><\/span>.<\/p>\n<p>La creativitat i capacitaci\u00f3 del nostre equip ens permet desenvolupar projectes innovadors i funcionals, arribant a dissenyar el mobiliari personalitzat a mida de cada tipus de negoci.<\/p>\n<ul class=\"listado\">\n<li>Disseny i projectes d&#8217;<strong>interiorisme<\/strong> d\u2019acord a la imatge corporativa<\/li>\n<li><strong>Disseny, fabricaci\u00f3, subministrament i muntatge del mobiliari.<\/strong><\/li>\n<li>Gesti\u00f3 integral del proc\u00e9s constructiu.<\/li>\n<li>Gesti\u00f3 documental i legalitzacions.<\/li>\n<li>Treballem a tota Espanya. Comptem amb oficines regionals a <strong>Barcelona i Madrid.<\/strong><\/li>\n<\/ul>\n<p>[\/vc_column_text][vc_btn title=&#8221;Projectes realitzats&#8221; shape=&#8221;square&#8221; color=&#8221;warning&#8221; link=&#8221;url:https%3A%2F%2Fago-construcciones.com%2Fca%2Fprojectes-realitzats%2F|&#8221; css=&#8221;.vc_custom_1521023610786{margin-top: 35px !important;}&#8221;][\/vc_column][\/vc_row]<\/p>\n","protected":false},"excerpt":{"rendered":"<p>[vc_row css=&#8221;.vc_custom_1521468760882{margin-bottom: 120px !important;}&#8221;][vc_column width=&#8221;1\/2&#8243;][vc_single_image image=&#8221;8443&#8243; img_size=&#8221;full&#8221; css=&#8221;.vc_custom_1523896453622{margin-top: 18px !important;}&#8221;][\/vc_column][vc_column width=&#8221;1\/2&#8243;][vc_column_text]La nostra cobertura a nivell nacional sumada a l\u2019experi\u00e8ncia del nostre departament de disseny i projectes, ens permeten oferir el recolzament m\u00e9s eficient pels seus plans d\u2019expansi\u00f3, ja sigui per a nova implantaci\u00f3 o rehabilitaci\u00f3 [&hellip;]<\/p>\n","protected":false},"author":1,"featured_media":0,"parent":0,"menu_order":0,"comment_status":"closed","ping_status":"closed","template":"","meta":[],"_links":{"self":[{"href":"https:\/\/ago-construcciones.com\/ca\/wp-json\/wp\/v2\/pages\/8713"}],"collection":[{"href":"https:\/\/ago-construcciones.com\/ca\/wp-json\/wp\/v2\/pages"}],"about":[{"href":"https:\/\/ago-construcciones.com\/ca\/wp-json\/wp\/v2\/types\/page"}],"author":[{"embeddable":true,"href":"https:\/\/ago-construcciones.com\/ca\/wp-json\/wp\/v2\/users\/1"}],"replies":[{"embeddable":true,"href":"https:\/\/ago-construcciones.com\/ca\/wp-json\/wp\/v2\/comments?post=8713"}],"version-history":[{"count":5,"href":"https:\/\/ago-construcciones.com\/ca\/wp-json\/wp\/v2\/pages\/8713\/revisions"}],"predecessor-version":[{"id":8761,"href":"https:\/\/ago-construcciones.com\/ca\/wp-json\/wp\/v2\/pages\/8713\/revisions\/8761"}],"wp:attachment":[{"href":"https:\/\/ago-construcciones.com\/ca\/wp-json\/wp\/v2\/media?parent=8713"}],"curies":[{"name":"wp","href":"https:\/\/api.w.org\/{rel}","templated":true}]}}