{"id":8720,"date":"2018-06-26T11:24:10","date_gmt":"2018-06-26T09:24:10","guid":{"rendered":"https:\/\/ago-construcciones.com\/complements-per-a-optica\/"},"modified":"2021-03-08T09:42:14","modified_gmt":"2021-03-08T08:42:14","slug":"complements-per-a-optica","status":"publish","type":"page","link":"https:\/\/ago-construcciones.com\/ca\/complements-per-a-optica\/","title":{"rendered":"Complements per a \u00f2ptica"},"content":{"rendered":"<p>[vc_row css=&#8221;.vc_custom_1519666214919{margin-bottom: 43px !important;}&#8221;][vc_column][vc_column_text]<\/p>\n<h3 class=\"naranja\" style=\"text-align: center;\">Disposem d\u2019una \u00e0mplia gamma de mobiliari i expositors, aix\u00ed com mobiliari especialitzat a mida.<\/h3>\n<p>[\/vc_column_text][\/vc_column][\/vc_row][vc_row css=&#8221;.vc_custom_1519667975718{margin-bottom: 120px !important;}&#8221;][vc_column width=&#8221;1\/2&#8243;][vc_single_image image=&#8221;8036&#8243; img_size=&#8221;full&#8221; css=&#8221;.vc_custom_1521287680176{margin-top: 10px !important;}&#8221;][\/vc_column][vc_column width=&#8221;1\/2&#8243;][vc_column_text]<strong>Som especialistes en la fabricaci\u00f3 de mobiliari a mida per a \u00f2ptiques.<\/strong><\/p>\n<p>El nostre objectiu \u00e9s personalitzar els espais adaptant-los al gust i exig\u00e8ncies del client, mostrant-li el desplegament combinatori del mobiliari m\u00e9s idoni per a ell, aix\u00ed com millorar la seva distribuci\u00f3 per a aconseguir una major funcionalitat i un aprofitament del local. D\u2019aquesta manera, tant a les \u00f2ptiques de nova construcci\u00f3 com a l\u2019adequaci\u00f3 de les ja existents s\u2019aconsegueixen uns espais m\u00e9s atractius, actuals i funcionals.[\/vc_column_text][\/vc_column][\/vc_row]<\/p>\n","protected":false},"excerpt":{"rendered":"<p>[vc_row css=&#8221;.vc_custom_1519666214919{margin-bottom: 43px !important;}&#8221;][vc_column][vc_column_text] Disposem d\u2019una \u00e0mplia gamma de mobiliari i expositors, aix\u00ed com mobiliari especialitzat a mida. [\/vc_column_text][\/vc_column][\/vc_row][vc_row css=&#8221;.vc_custom_1519667975718{margin-bottom: 120px !important;}&#8221;][vc_column width=&#8221;1\/2&#8243;][vc_single_image image=&#8221;8036&#8243; img_size=&#8221;full&#8221; css=&#8221;.vc_custom_1521287680176{margin-top: 10px !important;}&#8221;][\/vc_column][vc_column width=&#8221;1\/2&#8243;][vc_column_text]Som especialistes en la fabricaci\u00f3 de mobiliari a mida per a \u00f2ptiques. El nostre objectiu \u00e9s personalitzar [&hellip;]<\/p>\n","protected":false},"author":1,"featured_media":0,"parent":0,"menu_order":0,"comment_status":"closed","ping_status":"closed","template":"","meta":[],"_links":{"self":[{"href":"https:\/\/ago-construcciones.com\/ca\/wp-json\/wp\/v2\/pages\/8720"}],"collection":[{"href":"https:\/\/ago-construcciones.com\/ca\/wp-json\/wp\/v2\/pages"}],"about":[{"href":"https:\/\/ago-construcciones.com\/ca\/wp-json\/wp\/v2\/types\/page"}],"author":[{"embeddable":true,"href":"https:\/\/ago-construcciones.com\/ca\/wp-json\/wp\/v2\/users\/1"}],"replies":[{"embeddable":true,"href":"https:\/\/ago-construcciones.com\/ca\/wp-json\/wp\/v2\/comments?post=8720"}],"version-history":[{"count":7,"href":"https:\/\/ago-construcciones.com\/ca\/wp-json\/wp\/v2\/pages\/8720\/revisions"}],"predecessor-version":[{"id":9096,"href":"https:\/\/ago-construcciones.com\/ca\/wp-json\/wp\/v2\/pages\/8720\/revisions\/9096"}],"wp:attachment":[{"href":"https:\/\/ago-construcciones.com\/ca\/wp-json\/wp\/v2\/media?parent=8720"}],"curies":[{"name":"wp","href":"https:\/\/api.w.org\/{rel}","templated":true}]}}