{"id":8727,"date":"2018-06-26T11:39:43","date_gmt":"2018-06-26T09:39:43","guid":{"rendered":"https:\/\/ago-construcciones.com\/avis-legal\/"},"modified":"2018-06-26T11:40:26","modified_gmt":"2018-06-26T09:40:26","slug":"avis-legal","status":"publish","type":"page","link":"https:\/\/ago-construcciones.com\/ca\/avis-legal\/","title":{"rendered":"Av\u00eds legal"},"content":{"rendered":"<p>[vc_row][vc_column][vc_column_text]<strong class=\"naranja\">DADES GENERALS<\/strong><\/p>\n<p><strong>D\u2019acord amb l\u2019article 10 de la Llei 34\/2002, de l\u201911 de Juliol, de Serveis de la Societat de la Informaci\u00f3 i de Comer\u00e7 electr\u00f2nic, posem a la seva disposici\u00f3 les seg\u00fcents dades:<\/strong><\/p>\n<p>A.G.O. ACONDICIONAMIENTO GENERAL DE OFICINAS, S.L. est\u00e0 domiciliada al carrer Navas de Tolosa, n\u00ba 250-254 local 1, con CIF B60312055. Inscrita al Registre Mercantil de BARCELONA, Tom 25688, Foli 131, Full B 93038, Inscripci\u00f3 2.<\/p>\n<p>Al web <a href=\"http:\/\/www.ago-construcciones.com\">www.ago-construcciones.com<\/a> hi ha una s\u00e8rie de continguts de car\u00e0cter informatiu sobre la gesti\u00f3 integral d\u2019obres i projectes, activitat que exerceix l\u2019empresa des de la seva fundaci\u00f3.<\/p>\n<p><strong>El seu principal objectiu<\/strong> \u00e9s facilitar als clients i al p\u00fablic en general, la informaci\u00f3 relativa a l\u2019empresa, als productes i serveis que s\u2019hi ofereixen.<\/p>\n<p><strong class=\"naranja\">POL\u00cdTICA DE PRIVACITAT<\/strong><\/p>\n<p>En compliment al disposat a <strong>la Llei Org\u00e0nica 15\/1999, de 13 de Desembre, de Protecci\u00f3 de Dades de Car\u00e0cter Personal (LOPD) <\/strong>s\u2019informa a l\u2019usuari que totes les dades que ens proporcioni seran incorporades a un fitxer creat i mantingut sota la responsabilitat d\u2019 A.G.O. ACONDICIONAMIENTO GENERAL DE OFICINAS, S.L.<\/p>\n<p>Sempre<strong> es respectar\u00e0 la confidencialitat de les seves dades personals<\/strong>, que nom\u00e9s seran utilitzades amb la finalitat de gestionar els serveis oferts, atendre a les sol\u00b7licituds que ens plantegi, realitzar tasques administratives, aix\u00ed com rebre informaci\u00f3 t\u00e8cnica, comercial o publicit\u00e0ria, per via ordin\u00e0ria o electr\u00f2nica.<\/p>\n<p>Per a exercir els seus <strong>drets d\u2019oposici\u00f3, rectificaci\u00f3 o cancel\u00b7laci\u00f3<\/strong> haur\u00e0 de dirigir-se a la seu de l\u2019empresa, situada al carrer Navas de Tolosa, n\u00ba 250-254 local 1, escriure\u2019ns un correu a <a href=\"mailto:info@ago-construcciones.com\">info@ago-construcciones.com<\/a> o trucar-nos al 932431760.<\/p>\n<p><strong class=\"naranja\">CONDICIONS D\u2019\u00daS<\/strong><\/p>\n<p><strong>Les condicions d\u2019acc\u00e9s i \u00fas del present web es regeixen per la legalitat vigent i pel principi de bona fe,<\/strong> comprometent-se l\u2019usuari a realitzar un bon \u00fas de la web. No es permeten conductes que vagin contra la llei, els drets o els interessos de tercers.<\/p>\n<p>Ser usuari del web <a href=\"http:\/\/www.ago-construcciones.com\">www.ago-construcciones.com<\/a> implica que reconeix haver llegit i acceptat les presents condicions i el que les estengui la normativa legal aplicable en aquesta mat\u00e8ria. Si pel motiu que fos no est\u00e0 d\u2019acord amb aquestes condicions, no continu\u00ef fent \u00fas d\u2019aquesta web.<\/p>\n<p><strong>Qualsevol tipus de notificaci\u00f3 i\/o reclamaci\u00f3 nom\u00e9s ser\u00e0 v\u00e0lida per notificaci\u00f3 escrita i\/o correu certificat.<\/strong><\/p>\n<p><strong class=\"naranja\">RESPONSABILITATS<\/strong><\/p>\n<p>A.G.O. ACONDICIONAMIENTO GENERAL DE OFICINAS, S.L. \u00a0<strong>no es fa responsable de la informaci\u00f3 i continguts emmagatzemats a f\u00f2rums, xarxes socials o qualsevol altre mitj\u00e0<\/strong> que permeti a tercers publicar continguts en forma independent a la p\u00e0gina web del prestador.<\/p>\n<p>No obstant, tenint en compte els art. 11 i 16 de la LSSI-CE, A.G.O. ACONDICIONAMIENTO GENERAL DE OFICINAS, S.L. <strong>es compromet a la retirada (o en el seu cas bloqueig) d\u2019aquells continguts que poguessin afectar o contravenir la legislaci\u00f3 nacional o internacional<\/strong>, drets de tercers o la moral i l\u2019ordre p\u00fablic.<\/p>\n<p><strong>Tampoc l\u2019empresa es responsabilitzar\u00e0 dels danys i perjudicis que es produeixin per errades o males configuracions del software instal\u00b7lat a l\u2019ordinador de l\u2019internauta.<\/strong> S\u2019exclou tota responsabilitat per alguna incid\u00e8ncia t\u00e8cnica o errada que es produeixi quan l\u2019usuari es connecti a internet. Igualment, no es garanteix la inexist\u00e8ncia d\u2019interrupcions o errors d\u2019acc\u00e9s al web.<\/p>\n<p>Tanmateix, A.G.O. ACONDICIONAMIENTO GENERAL DE OFICINAS, S.L. \u00a0\u00a0<strong>es reserva el dret a actualitzar, modificar o eliminar la informaci\u00f3 continguda a la seva p\u00e0gina web<\/strong>, aix\u00ed com la configuraci\u00f3 o presentaci\u00f3 d\u2019aquest, en qualsevol moment, sense assumir cap responsabilitat per aix\u00f2.<\/p>\n<p>Li comuniquem que qualsevol preu que pugui veure a la nostra web ser\u00e0 solament orientatiu. Si l\u2019usuari desitja saber amb exactitud el preu o si el producte en el moment actual compta amb alguna oferta de la qual se\u2019n pugui beneficiar, ha d\u2019acudir a alguna de las botigues f\u00edsiques amb les que compta A.G.O. ACONDICIONAMIENTO GENERAL DE OFICINAS, S.L.   <\/p>\n<p><strong class=\"naranja\">PROPIETAT INTEL\u00b7LECTUAL I INDUSTRIAL<\/strong><\/p>\n<p>A.G.O. ACONDICIONAMIENTO GENERAL DE OFICINAS, S.L. \u00a0<strong>\u00e9s titular de tots els drets sobre el software de la publicaci\u00f3 digital, aix\u00ed com dels drets de propietat industrial o intel\u00b7lectual referits als continguts que s\u2019incloguin<\/strong>, a excepci\u00f3 dels drets sobre productes i serveis de car\u00e0cter p\u00fablic que no s\u00f3n propietat d\u2019aquesta empresa.<\/p>\n<p><strong>Cap material publicat a aquesta web podr\u00e0 ser reprodu\u00eft, copiat o publicat<\/strong> sense en consentiment per escrit d\u2019 A.G.O. ACONDICIONAMIENTO GENERAL DE OFICINAS, S.L.<\/p>\n<p><strong>Tota la informaci\u00f3 que es rebi a la web, com comentaris, suggeriments o idees, es considerar\u00e0 cedida<\/strong> a A.G.O. ACONDICIONAMIENTO GENERAL DE OFICINAS, S.L.  de manera gratu\u00efta. No s\u2019ha d\u2019enviar informaci\u00f3 que NO pugui ser tractada d\u2019aquesta manera.<\/p>\n<p>Tots els productes i serveis d\u2019aquestes p\u00e0gines que NO s\u00f3n propietat d\u2019 A.G.O. ACONDICIONAMIENTO GENERAL DE OFICINAS, S.L.  s\u00f3n marques registrades dels seus respectius propietaris i s\u00f3n reconegudes com a tals per la nostra empresa.<br \/>\nNom\u00e9s apareixen a la web d\u2019 A.G.O. ACONDICIONAMIENTO GENERAL DE OFICINAS, S.L.   a efectes de promoci\u00f3 i de recopilaci\u00f3 d\u2019informaci\u00f3. Aquests propietaris poden sol\u00b7licitat la modificaci\u00f3 o eliminaci\u00f3 de la informaci\u00f3 que els pertany.<\/p>\n<p><strong class=\"naranja\">LLEI APLICABLE I JURISDICCI\u00d3<\/strong><\/p>\n<p><strong>Les presents condicions generals es regeixen per la legislaci\u00f3 espanyola.<\/strong> Per a qualsevol litigi que pogu\u00e9s sorgir relacionat amb el web o l\u2019activitat que en ell s\u2019hi desenvolupa, seran competents els Jutjats de Barcelona, renunciant expressament l\u2019usuari a qualsevol altre fur que pogu\u00e9s correspondre-li.[\/vc_column_text][\/vc_column][\/vc_row]<\/p>\n","protected":false},"excerpt":{"rendered":"<p>[vc_row][vc_column][vc_column_text]DADES GENERALS D\u2019acord amb l\u2019article 10 de la Llei 34\/2002, de l\u201911 de Juliol, de Serveis de la Societat de la Informaci\u00f3 i de Comer\u00e7 electr\u00f2nic, posem a la seva disposici\u00f3 les seg\u00fcents dades: A.G.O. ACONDICIONAMIENTO GENERAL DE OFICINAS, S.L. est\u00e0 domiciliada al carrer Navas [&hellip;]<\/p>\n","protected":false},"author":1,"featured_media":0,"parent":0,"menu_order":0,"comment_status":"closed","ping_status":"closed","template":"","meta":[],"_links":{"self":[{"href":"https:\/\/ago-construcciones.com\/ca\/wp-json\/wp\/v2\/pages\/8727"}],"collection":[{"href":"https:\/\/ago-construcciones.com\/ca\/wp-json\/wp\/v2\/pages"}],"about":[{"href":"https:\/\/ago-construcciones.com\/ca\/wp-json\/wp\/v2\/types\/page"}],"author":[{"embeddable":true,"href":"https:\/\/ago-construcciones.com\/ca\/wp-json\/wp\/v2\/users\/1"}],"replies":[{"embeddable":true,"href":"https:\/\/ago-construcciones.com\/ca\/wp-json\/wp\/v2\/comments?post=8727"}],"version-history":[{"count":3,"href":"https:\/\/ago-construcciones.com\/ca\/wp-json\/wp\/v2\/pages\/8727\/revisions"}],"predecessor-version":[{"id":8730,"href":"https:\/\/ago-construcciones.com\/ca\/wp-json\/wp\/v2\/pages\/8727\/revisions\/8730"}],"wp:attachment":[{"href":"https:\/\/ago-construcciones.com\/ca\/wp-json\/wp\/v2\/media?parent=8727"}],"curies":[{"name":"wp","href":"https:\/\/api.w.org\/{rel}","templated":true}]}}