{"id":8731,"date":"2018-06-26T11:43:24","date_gmt":"2018-06-26T09:43:24","guid":{"rendered":"https:\/\/ago-construcciones.com\/industrial\/"},"modified":"2018-06-26T12:04:41","modified_gmt":"2018-06-26T10:04:41","slug":"industrial","status":"publish","type":"page","link":"https:\/\/ago-construcciones.com\/ca\/industrial\/","title":{"rendered":"Industrial"},"content":{"rendered":"<p>[vc_row row_content_width=&#8221;grid&#8221; css=&#8221;.vc_custom_1521468674593{margin-bottom: 120px !important;}&#8221;][vc_column width=&#8221;1\/2&#8243;][vc_single_image image=&#8221;8440&#8243; img_size=&#8221;full&#8221; css=&#8221;.vc_custom_1523896002958{margin-top: 18px !important;}&#8221;][\/vc_column][vc_column width=&#8221;1\/2&#8243;][vc_column_text]L\u2019\u00e0rea industrial \u00e9s un altre dels nostres sectors d\u2019especialitzaci\u00f3; en aquest camp oferim als nostres clients un profund coneixement en mat\u00e8ria <strong>de log\u00edstiques industrials i reformes i condicionament de naus industrials.<\/strong><\/p>\n<ul class=\"listado\">\n<li>Arquitectura i disseny constructiu.<\/li>\n<li>Distribuci\u00f3 i disseny d\u2019interior en funci\u00f3 de la seva activitat i necessitats.<\/li>\n<li>Projectes constructius d\u2019interior (obra civil i instal\u00b7lacions).<\/li>\n<li>Gesti\u00f3 documental i legalitzacions.<\/li>\n<\/ul>\n<p>[\/vc_column_text][vc_btn title=&#8221;Projectes realitzats&#8221; shape=&#8221;square&#8221; color=&#8221;warning&#8221; link=&#8221;url:https%3A%2F%2Fago-construcciones.com%2Fca%2Fprojectes-realitzats%2F|&#8221; css=&#8221;.vc_custom_1521023610786{margin-top: 35px !important;}&#8221;][\/vc_column][\/vc_row]<\/p>\n","protected":false},"excerpt":{"rendered":"<p>[vc_row row_content_width=&#8221;grid&#8221; css=&#8221;.vc_custom_1521468674593{margin-bottom: 120px !important;}&#8221;][vc_column width=&#8221;1\/2&#8243;][vc_single_image image=&#8221;8440&#8243; img_size=&#8221;full&#8221; css=&#8221;.vc_custom_1523896002958{margin-top: 18px !important;}&#8221;][\/vc_column][vc_column width=&#8221;1\/2&#8243;][vc_column_text]L\u2019\u00e0rea industrial \u00e9s un altre dels nostres sectors d\u2019especialitzaci\u00f3; en aquest camp oferim als nostres clients un profund coneixement en mat\u00e8ria de log\u00edstiques industrials i reformes i condicionament de naus industrials. Arquitectura i disseny [&hellip;]<\/p>\n","protected":false},"author":1,"featured_media":0,"parent":0,"menu_order":0,"comment_status":"closed","ping_status":"closed","template":"","meta":[],"_links":{"self":[{"href":"https:\/\/ago-construcciones.com\/ca\/wp-json\/wp\/v2\/pages\/8731"}],"collection":[{"href":"https:\/\/ago-construcciones.com\/ca\/wp-json\/wp\/v2\/pages"}],"about":[{"href":"https:\/\/ago-construcciones.com\/ca\/wp-json\/wp\/v2\/types\/page"}],"author":[{"embeddable":true,"href":"https:\/\/ago-construcciones.com\/ca\/wp-json\/wp\/v2\/users\/1"}],"replies":[{"embeddable":true,"href":"https:\/\/ago-construcciones.com\/ca\/wp-json\/wp\/v2\/comments?post=8731"}],"version-history":[{"count":8,"href":"https:\/\/ago-construcciones.com\/ca\/wp-json\/wp\/v2\/pages\/8731\/revisions"}],"predecessor-version":[{"id":8764,"href":"https:\/\/ago-construcciones.com\/ca\/wp-json\/wp\/v2\/pages\/8731\/revisions\/8764"}],"wp:attachment":[{"href":"https:\/\/ago-construcciones.com\/ca\/wp-json\/wp\/v2\/media?parent=8731"}],"curies":[{"name":"wp","href":"https:\/\/api.w.org\/{rel}","templated":true}]}}