{"id":8740,"date":"2018-06-26T11:49:07","date_gmt":"2018-06-26T09:49:07","guid":{"rendered":"https:\/\/ago-construcciones.com\/oficines\/"},"modified":"2018-06-26T12:04:02","modified_gmt":"2018-06-26T10:04:02","slug":"oficines","status":"publish","type":"page","link":"https:\/\/ago-construcciones.com\/ca\/oficines\/","title":{"rendered":"Oficines"},"content":{"rendered":"<div class=\"wpb-content-wrapper\"><p>[vc_row css=&#8221;.vc_custom_1521468645663{margin-bottom: 120px !important;}&#8221;][vc_column width=&#8221;1\/2&#8243;][vc_single_image image=&#8221;8438&#8243; img_size=&#8221;full&#8221; css=&#8221;.vc_custom_1523895675374{margin-top: 18px !important;}&#8221;][\/vc_column][vc_column width=&#8221;1\/2&#8243;][vc_column_text]Som especialistes en<strong> implantaci\u00f3, rehabilitaci\u00f3 i reformes d\u2019oficines i edificis corporatius.<\/strong> Ens ocupem \u00edntegrament del proc\u00e9s, des del disseny fins a l\u2019execuci\u00f3 final, passant per la distribuci\u00f3 i divisi\u00f3 de l\u2019espai i totes les instal\u00b7lacions necess\u00e0ries (<strong>electricitat, il\u00b7luminaci\u00f3, xarxes inform\u00e0tiques, veu &#038; dades, climatitzaci\u00f3 i aigua<\/strong>).<\/p>\n<ul class=\"listado\">\n<li>Concepte i planificaci\u00f3<\/li>\n<li>Execuci\u00f3 del projecte. Proc\u00e9s constructiu integral<\/li>\n<li>Posada en marxa<\/li>\n<li>Recepci\u00f3 definitiva<\/li>\n<li>Gesti\u00f3 documental i legalitzacions<\/li>\n<li>Delegacions en <strong>Barcelona i Madrid<\/strong>, abastem tot el territori nacional.<\/li>\n<\/ul>\n<p>[\/vc_column_text][vc_btn title=&#8221;Projectes realitzats&#8221; shape=&#8221;square&#8221; color=&#8221;warning&#8221; link=&#8221;url:https%3A%2F%2Fago-construcciones.com%2Fca%2Fprojectes-realitzats%2F|&#8221; css=&#8221;.vc_custom_1521023610786{margin-top: 35px !important;}&#8221;][\/vc_column][\/vc_row]<\/p>\n<\/div>","protected":false},"excerpt":{"rendered":"<p>[vc_row css=&#8221;.vc_custom_1521468645663{margin-bottom: 120px !important;}&#8221;][vc_column width=&#8221;1\/2&#8243;][vc_single_image image=&#8221;8438&#8243; img_size=&#8221;full&#8221; css=&#8221;.vc_custom_1523895675374{margin-top: 18px !important;}&#8221;][\/vc_column][vc_column width=&#8221;1\/2&#8243;][vc_column_text]Som especialistes en implantaci\u00f3, rehabilitaci\u00f3 i reformes d\u2019oficines i edificis corporatius. Ens ocupem \u00edntegrament del proc\u00e9s, des del disseny fins a l\u2019execuci\u00f3 final, passant per la distribuci\u00f3 i divisi\u00f3 de l\u2019espai i totes les instal\u00b7lacions [&hellip;]<\/p>\n","protected":false},"author":5,"featured_media":0,"parent":0,"menu_order":0,"comment_status":"closed","ping_status":"closed","template":"","meta":{"rs_blank_template":"","rs_page_bg_color":"","slide_template_v7":"","footnotes":""},"class_list":["post-8740","page","type-page","status-publish","hentry"],"aioseo_notices":[],"_links":{"self":[{"href":"https:\/\/ago-construcciones.com\/ca\/wp-json\/wp\/v2\/pages\/8740","targetHints":{"allow":["GET"]}}],"collection":[{"href":"https:\/\/ago-construcciones.com\/ca\/wp-json\/wp\/v2\/pages"}],"about":[{"href":"https:\/\/ago-construcciones.com\/ca\/wp-json\/wp\/v2\/types\/page"}],"author":[{"embeddable":true,"href":"https:\/\/ago-construcciones.com\/ca\/wp-json\/wp\/v2\/users\/5"}],"replies":[{"embeddable":true,"href":"https:\/\/ago-construcciones.com\/ca\/wp-json\/wp\/v2\/comments?post=8740"}],"version-history":[{"count":8,"href":"https:\/\/ago-construcciones.com\/ca\/wp-json\/wp\/v2\/pages\/8740\/revisions"}],"predecessor-version":[{"id":8760,"href":"https:\/\/ago-construcciones.com\/ca\/wp-json\/wp\/v2\/pages\/8740\/revisions\/8760"}],"wp:attachment":[{"href":"https:\/\/ago-construcciones.com\/ca\/wp-json\/wp\/v2\/media?parent=8740"}],"curies":[{"name":"wp","href":"https:\/\/api.w.org\/{rel}","templated":true}]}}