{"id":8748,"date":"2018-06-26T11:56:18","date_gmt":"2018-06-26T09:56:18","guid":{"rendered":"https:\/\/ago-construcciones.com\/optiques\/"},"modified":"2021-03-08T10:02:21","modified_gmt":"2021-03-08T09:02:21","slug":"optiques","status":"publish","type":"page","link":"https:\/\/ago-construcciones.com\/ca\/optiques\/","title":{"rendered":"\u00d2ptiques"},"content":{"rendered":"<p>[vc_row css=&#8221;.vc_custom_1521468702646{margin-bottom: 120px !important;}&#8221;][vc_column width=&#8221;1\/2&#8243;][vc_single_image image=&#8221;8435&#8243; img_size=&#8221;full&#8221; css=&#8221;.vc_custom_1523895508206{margin-top: 18px !important;}&#8221;][\/vc_column][vc_column width=&#8221;1\/2&#8243;][vc_column_text]La sin\u00e8rgia resultant de la incorporaci\u00f3 del \u201cknow-how\u201d d\u2019<strong>Indo Interiorismo<\/strong> a la nostra organitzaci\u00f3, m\u00e9s la nostra experi\u00e8ncia en <strong>gesti\u00f3 integral de projectes i obres<\/strong>, ens converteix en l\u2019opci\u00f3 professional m\u00e9s competitiva, en el camp de la implantaci\u00f3 i <strong><span style=\"color: #f29400;\">reformes d\u2019\u00f2ptiques, farm\u00e0cies, consultes i cl\u00edniques d\u2019oftalmologia<\/span>.<\/strong><\/p>\n<p>L\u2019especial coneixement de les necessitats funcionals i professionals, aix\u00ed com el de les diferents normatives sanit\u00e0ries, protegeix la inversi\u00f3 dels nostres clients, garantint la realitzaci\u00f3 del seu projecte dins del marc normatiu corresponent. La nostra vasta experi\u00e8ncia en la gesti\u00f3 integral de projectes amb imatge corporativa, ens situa com a opci\u00f3 preferent davant dels nostres competidors.<\/p>\n<ul class=\"listado\">\n<li>Disseny i realitzaci\u00f3 de projectes d\u2019interiorisme per a <strong>\u00f2ptiques<\/strong> i <strong>farm\u00e0cies<br \/>\n<\/strong><\/li>\n<li>Projecte constructiu<\/li>\n<li>Desenvolupament o aplicaci\u00f3 de la imatge corporativa (si procedeix).<\/li>\n<li>Disseny, fabricaci\u00f3, subministrament i muntatge de mobiliari i equipament.<\/li>\n<li>Gesti\u00f3 integral del proc\u00e9s constructiu<\/li>\n<li>Recepci\u00f3 definitiva<\/li>\n<li>Gesti\u00f3 documental i legalitzacions<\/li>\n<\/ul>\n<p>[\/vc_column_text][vc_btn title=&#8221;Projectes realitzats&#8221; shape=&#8221;square&#8221; color=&#8221;warning&#8221; link=&#8221;url:https%3A%2F%2Fago-construcciones.com%2Fca%2Fprojectes-realitzats%2F|&#8221; css=&#8221;.vc_custom_1521023610786{margin-top: 35px !important;}&#8221;][\/vc_column][\/vc_row]<\/p>\n","protected":false},"excerpt":{"rendered":"<p>[vc_row css=&#8221;.vc_custom_1521468702646{margin-bottom: 120px !important;}&#8221;][vc_column width=&#8221;1\/2&#8243;][vc_single_image image=&#8221;8435&#8243; img_size=&#8221;full&#8221; css=&#8221;.vc_custom_1523895508206{margin-top: 18px !important;}&#8221;][\/vc_column][vc_column width=&#8221;1\/2&#8243;][vc_column_text]La sin\u00e8rgia resultant de la incorporaci\u00f3 del \u201cknow-how\u201d d\u2019Indo Interiorismo a la nostra organitzaci\u00f3, m\u00e9s la nostra experi\u00e8ncia en gesti\u00f3 integral de projectes i obres, ens converteix en l\u2019opci\u00f3 professional m\u00e9s competitiva, en el camp [&hellip;]<\/p>\n","protected":false},"author":1,"featured_media":0,"parent":0,"menu_order":0,"comment_status":"closed","ping_status":"closed","template":"","meta":[],"_links":{"self":[{"href":"https:\/\/ago-construcciones.com\/ca\/wp-json\/wp\/v2\/pages\/8748"}],"collection":[{"href":"https:\/\/ago-construcciones.com\/ca\/wp-json\/wp\/v2\/pages"}],"about":[{"href":"https:\/\/ago-construcciones.com\/ca\/wp-json\/wp\/v2\/types\/page"}],"author":[{"embeddable":true,"href":"https:\/\/ago-construcciones.com\/ca\/wp-json\/wp\/v2\/users\/1"}],"replies":[{"embeddable":true,"href":"https:\/\/ago-construcciones.com\/ca\/wp-json\/wp\/v2\/comments?post=8748"}],"version-history":[{"count":6,"href":"https:\/\/ago-construcciones.com\/ca\/wp-json\/wp\/v2\/pages\/8748\/revisions"}],"predecessor-version":[{"id":9099,"href":"https:\/\/ago-construcciones.com\/ca\/wp-json\/wp\/v2\/pages\/8748\/revisions\/9099"}],"wp:attachment":[{"href":"https:\/\/ago-construcciones.com\/ca\/wp-json\/wp\/v2\/media?parent=8748"}],"curies":[{"name":"wp","href":"https:\/\/api.w.org\/{rel}","templated":true}]}}