{"id":8805,"date":"2018-06-26T12:38:48","date_gmt":"2018-06-26T10:38:48","guid":{"rendered":"https:\/\/ago-construcciones.com\/politica-de-cookies\/"},"modified":"2018-06-26T12:39:33","modified_gmt":"2018-06-26T10:39:33","slug":"politica-de-cookies","status":"publish","type":"page","link":"https:\/\/ago-construcciones.com\/ca\/politica-de-cookies\/","title":{"rendered":"Pol\u00edtica de cookies"},"content":{"rendered":"<p>A.G.O. ACONDICIONAMIENTO GENERAL DE OFICINAS, S.L. \u00a0<strong>pel seu propi compte o el d\u2019un tercer contractat per a la prestaci\u00f3 de serveis de mesurament, poden utilitzar cookies quan l\u2019usuari navega pel web. Les cookies s\u00f3n fitxers enviats al navegador per mitj\u00e0 d\u2019un servei web amb la finalitat de registrar les activitats de l\u2019usuari durant el seu temps de navegaci\u00f3.<\/strong><\/p>\n<p>Les cookies utilitzades s\u2019associen \u00fanicament amb un usuari an\u00f2nim i el seu ordinador, i no proporcionen per si mateixes les dades personals de l\u2019usuari.<\/p>\n<p><strong>Mitjan\u00e7ant l\u2019\u00fas de les cookies resulta possible que el servidor al que es troba la web reconegui el navegador web utilitzat per l\u2019usuari amb la finalitat de que la navegaci\u00f3 sigui m\u00e9s senzilla. <\/strong>S\u2019utilitzen tamb\u00e9 per a mesurar l\u2019audi\u00e8ncia i par\u00e0metres de tr\u00e0fic, controlar l\u2019acc\u00e9s i el n\u00famero d\u2019entrades.<\/p>\n<p><strong>L\u2019usuari t\u00e9 la possibilitat de configurar el seu navegador per a ser avisat de la recepci\u00f3 de cookies i per a impedir la seva instal\u00b7laci\u00f3 al seu equip.<\/strong> Si us plau, consulti les instruccions i manuals del seu navegador per a ampliar aquesta informaci\u00f3.<\/p>\n<p>Per a utilitzar el web no \u00e9s necessari que l\u2019usuari permeti la instal\u00b7laci\u00f3 de les cookies enviades al web, o el tercer que actu\u00ef en el seu nom, sense perjudici de que sigui necessari que l\u2019usuari inici\u00ef una sessi\u00f3 a cadascun dels serveis la prestaci\u00f3 dels quals requereixi el previ registre.<\/p>\n<p>En tot cas, <strong>les cookies tenen un car\u00e0cter temporal<\/strong> amb l\u2019\u00fanica finalitat de fer m\u00e9s efica\u00e7 la transmissi\u00f3 ulterior. En cap cas s\u2019utilitzaran cookies per a recollir informaci\u00f3 de car\u00e0cter personal.<\/p>\n","protected":false},"excerpt":{"rendered":"<p>A.G.O. ACONDICIONAMIENTO GENERAL DE OFICINAS, S.L. \u00a0pel seu propi compte o el d\u2019un tercer contractat per a la prestaci\u00f3 de serveis de mesurament, poden utilitzar cookies quan l\u2019usuari navega pel web. Les cookies s\u00f3n fitxers enviats al navegador per mitj\u00e0 d\u2019un servei web amb la [&hellip;]<\/p>\n","protected":false},"author":1,"featured_media":0,"parent":0,"menu_order":0,"comment_status":"closed","ping_status":"open","template":"","meta":[],"_links":{"self":[{"href":"https:\/\/ago-construcciones.com\/ca\/wp-json\/wp\/v2\/pages\/8805"}],"collection":[{"href":"https:\/\/ago-construcciones.com\/ca\/wp-json\/wp\/v2\/pages"}],"about":[{"href":"https:\/\/ago-construcciones.com\/ca\/wp-json\/wp\/v2\/types\/page"}],"author":[{"embeddable":true,"href":"https:\/\/ago-construcciones.com\/ca\/wp-json\/wp\/v2\/users\/1"}],"replies":[{"embeddable":true,"href":"https:\/\/ago-construcciones.com\/ca\/wp-json\/wp\/v2\/comments?post=8805"}],"version-history":[{"count":1,"href":"https:\/\/ago-construcciones.com\/ca\/wp-json\/wp\/v2\/pages\/8805\/revisions"}],"predecessor-version":[{"id":8806,"href":"https:\/\/ago-construcciones.com\/ca\/wp-json\/wp\/v2\/pages\/8805\/revisions\/8806"}],"wp:attachment":[{"href":"https:\/\/ago-construcciones.com\/ca\/wp-json\/wp\/v2\/media?parent=8805"}],"curies":[{"name":"wp","href":"https:\/\/api.w.org\/{rel}","templated":true}]}}